{"id":3064,"date":"2020-12-20T12:28:36","date_gmt":"2020-12-20T11:28:36","guid":{"rendered":"https:\/\/www.idc.com.tn\/?page_id=3064"},"modified":"2025-06-03T09:00:46","modified_gmt":"2025-06-03T07:00:46","slug":"nos-projets","status":"publish","type":"page","link":"https:\/\/www.idc.com.tn\/fr\/nos-projets\/","title":{"rendered":"Projets"},"content":{"rendered":"\t\t<div data-elementor-type=\"wp-page\" data-elementor-id=\"3064\" class=\"elementor elementor-3064\">\n\t\t\t\t\t\t<section class=\"elementor-section-with-custom-width elementor-section elementor-top-section elementor-element elementor-element-295645e elementor-section-stretched elementor-section-boxed elementor-section-height-default elementor-section-height-default sc_fly_static\" data-id=\"295645e\" data-element_type=\"section\" data-settings=\"{&quot;stretch_section&quot;:&quot;section-stretched&quot;}\">\n\t\t\t\t\t\t<div class=\"elementor-container elementor-column-gap-extended\">\n\t\t\t\t\t<div class=\"elementor-column elementor-col-100 elementor-top-column elementor-element elementor-element-09fd53c sc_content_align_inherit sc_layouts_column_icons_position_left sc_fly_static\" data-id=\"09fd53c\" data-element_type=\"column\">\n\t\t\t<div class=\"elementor-widget-wrap elementor-element-populated\">\n\t\t\t\t\t\t<div class=\"elementor-element elementor-element-f91d8bb sc_style_toggle sc_fly_static elementor-widget elementor-widget-trx_sc_blogger\" data-id=\"f91d8bb\" data-element_type=\"widget\" data-widget_type=\"trx_sc_blogger.default\">\n\t\t\t\t<div class=\"elementor-widget-container\">\n\t\t\t\t\t<div \t\tclass=\"sc_blogger sc_blogger_lay_portfolio_grid sc_blogger_lay_portfolio_grid_grid_style_8 sc_item_filters_tabs_none alignnone\" ><div class=\"sc_blogger_content sc_item_content sc_item_posts_container\" ><div class=\"sc_blogger_grid_wrap sc_blogger_grid_4 sc_blogger_grid_columns_3\" ><div data-post-id=\"24371\" data-item-number=\"1\" class=\"sc_blogger_item sc_item_container post_container sc_blogger_item_lay_portfolio sc_blogger_item_lay_portfolio_style_15 sc_blogger_item_odd sc_blogger_item_align_none post_format_standard sc_blogger_item_with_image sc_blogger_item_no_excerpt sc_blogger_item_image_position_top post-24371 cpt_portfolio type-cpt_portfolio status-publish has-post-thumbnail hentry cpt_portfolio_group-batiments cpt_portfolio_group-etudes-generales cpt_portfolio_group-maitrise-des-projets\" ><div class=\"sc_blogger_item_body\"><div class=\"post_featured with_thumb hover_link sc_item_featured sc_blogger_item_featured post_featured_bg\" data-ratio=\"16:9\"><span class=\"post_thumb post_thumb_bg bg_in qwery_inline_867967813\"><\/span>\t\t\t\t\t\t<div class=\"mask\"><\/div>\n\t\t\t\t\t\t<div class=\"post_info_bc\"><h5 class=\"sc_blogger_item_title entry-title\" data-item-number=\"1\"><a href=\"https:\/\/www.idc.com.tn\/fr\/portfolio\/assurances-mutuelles-ittihad-ami\/\" rel=\"bookmark\">Construction d&#8217;un ensemble immobilier aux berges du lac, \u00e9tude des lots \u00e9lectricit\u00e9 &#8211; s\u00e9curit\u00e9 incendie<\/a><\/h5><div class=\"post_meta sc_blogger_item_meta post_meta_categories\"><span class=\"post_meta_item post_categories cat_sep\"><a href=\"https:\/\/www.idc.com.tn\/fr\/portfolio_group\/batiments\/\" title=\"View all posts in 1 - B\u00e2timents\">1 - B\u00e2timents<\/a><span class=\"post_meta_item_cat_separator\">, <\/span><a href=\"https:\/\/www.idc.com.tn\/fr\/portfolio_group\/etudes-generales\/\" title=\"View all posts in 6 \u2013 Etudes g\u00e9n\u00e9rales\">6 \u2013 Etudes g\u00e9n\u00e9rales<\/a><span class=\"post_meta_item_cat_separator\">, <\/span><a href=\"https:\/\/www.idc.com.tn\/fr\/portfolio_group\/maitrise-des-projets\/\" title=\"View all posts in 9.1 - Maitrise des projets\">9.1 - Maitrise des projets<\/a><\/span><\/div><\/div><a class=\"post_link sc_blogger_item_link\" href=\"https:\/\/www.idc.com.tn\/fr\/portfolio\/assurances-mutuelles-ittihad-ami\/\"><\/a>\t\t\t<a href=\"https:\/\/www.idc.com.tn\/fr\/portfolio\/assurances-mutuelles-ittihad-ami\/\"  aria-hidden=\"true\" class=\"link\"><\/a>\r\n\t\t\t<\/div><\/div><!-- .sc_blogger_item_body --><\/div><!-- .sc_blogger_item --><div data-post-id=\"24007\" data-item-number=\"2\" class=\"sc_blogger_item sc_item_container post_container sc_blogger_item_lay_portfolio sc_blogger_item_lay_portfolio_style_15 sc_blogger_item_even sc_blogger_item_align_none post_format_standard sc_blogger_item_with_image sc_blogger_item_no_excerpt sc_blogger_item_image_position_top post-24007 cpt_portfolio type-cpt_portfolio status-publish has-post-thumbnail hentry cpt_portfolio_group-energie cpt_portfolio_group-etudes-generales cpt_portfolio_group-maitrise-des-projets\" ><div class=\"sc_blogger_item_body\"><div class=\"post_featured with_thumb hover_link sc_item_featured sc_blogger_item_featured post_featured_bg\" data-ratio=\"16:9\"><span class=\"post_thumb post_thumb_bg bg_in qwery_inline_985349625\"><\/span>\t\t\t\t\t\t<div class=\"mask\"><\/div>\n\t\t\t\t\t\t<div class=\"post_info_bc\"><h5 class=\"sc_blogger_item_title entry-title\" data-item-number=\"2\"><a href=\"https:\/\/www.idc.com.tn\/fr\/portfolio\/balingue-60-mw\/\" rel=\"bookmark\">Contr\u00f4le des travaux de r\u00e9alisation cl\u00e9 en main d\u2019une centrale thermique diesel de 60MW \u00e0 Balingu\u00e9<\/a><\/h5><div class=\"post_meta sc_blogger_item_meta post_meta_categories\"><span class=\"post_meta_item post_categories cat_sep\"><a href=\"https:\/\/www.idc.com.tn\/fr\/portfolio_group\/energie\/\" title=\"View all posts in 5 - Energie\">5 - Energie<\/a><span class=\"post_meta_item_cat_separator\">, <\/span><a href=\"https:\/\/www.idc.com.tn\/fr\/portfolio_group\/etudes-generales\/\" title=\"View all posts in 6 \u2013 Etudes g\u00e9n\u00e9rales\">6 \u2013 Etudes g\u00e9n\u00e9rales<\/a><span class=\"post_meta_item_cat_separator\">, <\/span><a href=\"https:\/\/www.idc.com.tn\/fr\/portfolio_group\/maitrise-des-projets\/\" title=\"View all posts in 9.1 - Maitrise des projets\">9.1 - Maitrise des projets<\/a><\/span><\/div><\/div><a class=\"post_link sc_blogger_item_link\" href=\"https:\/\/www.idc.com.tn\/fr\/portfolio\/balingue-60-mw\/\"><\/a>\t\t\t<a href=\"https:\/\/www.idc.com.tn\/fr\/portfolio\/balingue-60-mw\/\"  aria-hidden=\"true\" class=\"link\"><\/a>\r\n\t\t\t<\/div><\/div><!-- .sc_blogger_item_body --><\/div><!-- .sc_blogger_item --><div data-post-id=\"22703\" data-item-number=\"3\" class=\"sc_blogger_item sc_item_container post_container sc_blogger_item_lay_portfolio sc_blogger_item_lay_portfolio_style_15 sc_blogger_item_odd sc_blogger_item_align_none post_format_standard sc_blogger_item_with_image sc_blogger_item_no_excerpt sc_blogger_item_image_position_top post-22703 cpt_portfolio type-cpt_portfolio status-publish has-post-thumbnail hentry cpt_portfolio_group-energie cpt_portfolio_group-etudes-generales cpt_portfolio_group-maitrise-des-projets\" ><div class=\"sc_blogger_item_body\"><div class=\"post_featured with_thumb hover_link hover_play sc_item_featured sc_blogger_item_featured post_featured_bg\" data-ratio=\"16:9\"><span class=\"post_thumb post_thumb_bg bg_in qwery_inline_271519545\"><\/span>\t\t\t\t\t\t<div class=\"mask\"><\/div>\n\t\t\t\t\t\t<div class=\"post_info_bc\"><h5 class=\"sc_blogger_item_title entry-title\" data-item-number=\"3\"><a href=\"https:\/\/www.idc.com.tn\/fr\/portfolio\/centrale-electrique-100mw-mali-sirakoro\/\" rel=\"bookmark\">Projet de construction d\u2019une centrale thermique de 100 MW fonctionnant au fioul lourd \u00e0 Sirakoro dans la ville de Bamako<\/a><\/h5><div class=\"post_meta sc_blogger_item_meta post_meta_categories\"><span class=\"post_meta_item post_categories cat_sep\"><a href=\"https:\/\/www.idc.com.tn\/fr\/portfolio_group\/energie\/\" title=\"View all posts in 5 - Energie\">5 - Energie<\/a><span class=\"post_meta_item_cat_separator\">, <\/span><a href=\"https:\/\/www.idc.com.tn\/fr\/portfolio_group\/etudes-generales\/\" title=\"View all posts in 6 \u2013 Etudes g\u00e9n\u00e9rales\">6 \u2013 Etudes g\u00e9n\u00e9rales<\/a><span class=\"post_meta_item_cat_separator\">, <\/span><a href=\"https:\/\/www.idc.com.tn\/fr\/portfolio_group\/maitrise-des-projets\/\" title=\"View all posts in 9.1 - Maitrise des projets\">9.1 - Maitrise des projets<\/a><\/span><\/div><\/div><a class=\"post_link sc_blogger_item_link\" href=\"https:\/\/www.idc.com.tn\/fr\/portfolio\/centrale-electrique-100mw-mali-sirakoro\/\"><\/a>\t\t\t<a href=\"https:\/\/www.idc.com.tn\/fr\/portfolio\/centrale-electrique-100mw-mali-sirakoro\/\"  aria-hidden=\"true\" class=\"link\"><\/a>\r\n\t\t\t\t\t\t\t\t\t\t\t<div class=\"post_video_hover\" data-video=\"&lt;div id=&quot;sc_video_1021538597&quot; class=&quot;trx_addons_video_player without_cover&quot;&gt;&lt;div class=&quot;video_embed video_frame&quot;&gt;&lt;iframe allow=&quot;autoplay&quot; src=&quot;https:\/\/www.youtube.com\/embed\/KKL2uD1qn8s?feature=oembed&#038;wmode=transparent&#038;origin=https%3A%2F%2Fwww.idc.com.tn%2Ffr%2F&#038;widgetid=1&#038;enablejsapi=1&#038;disablekb=1&#038;modestbranding=1&#038;iv_load_policy=3&#038;rel=0&#038;showinfo=0&#038;playsinline=1&amp;autoplay=1&quot; width=&quot;694&quot; height=&quot;390&quot;&gt;&lt;\/iframe&gt;&lt;\/div&gt;&lt;\/div&gt;\"><\/div>\n\t\t\t\t\t\t\t\t\t\t\t\t\t\t\t<div class=\"post_video video_frame\">\n\t\t\t\t\t\t\t\t\t\t\t\t\t\t\t<\/div>\n\t\t\t\t\t\t\t<\/div><\/div><!-- .sc_blogger_item_body --><\/div><!-- .sc_blogger_item --><div data-post-id=\"21790\" data-item-number=\"4\" class=\"sc_blogger_item sc_item_container post_container sc_blogger_item_lay_portfolio sc_blogger_item_lay_portfolio_style_15 sc_blogger_item_even sc_blogger_item_align_none post_format_standard sc_blogger_item_with_image sc_blogger_item_no_excerpt sc_blogger_item_image_position_top post-21790 cpt_portfolio type-cpt_portfolio status-publish has-post-thumbnail hentry cpt_portfolio_group-batiments cpt_portfolio_group-etudes-generales cpt_portfolio_group-maitrise-des-projets\" ><div class=\"sc_blogger_item_body\"><div class=\"post_featured with_thumb hover_link sc_item_featured sc_blogger_item_featured post_featured_bg\" data-ratio=\"16:9\"><span class=\"post_thumb post_thumb_bg bg_in qwery_inline_2140389646\"><\/span>\t\t\t\t\t\t<div class=\"mask\"><\/div>\n\t\t\t\t\t\t<div class=\"post_info_bc\"><h5 class=\"sc_blogger_item_title entry-title\" data-item-number=\"4\"><a href=\"https:\/\/www.idc.com.tn\/fr\/portfolio\/siege-enda\/\" rel=\"bookmark\">Construction du si\u00e8ge de l&#8217;association internationale  ENDA interarabe<\/a><\/h5><div class=\"post_meta sc_blogger_item_meta post_meta_categories\"><span class=\"post_meta_item post_categories cat_sep\"><a href=\"https:\/\/www.idc.com.tn\/fr\/portfolio_group\/batiments\/\" title=\"View all posts in 1 - B\u00e2timents\">1 - B\u00e2timents<\/a><span class=\"post_meta_item_cat_separator\">, <\/span><a href=\"https:\/\/www.idc.com.tn\/fr\/portfolio_group\/etudes-generales\/\" title=\"View all posts in 6 \u2013 Etudes g\u00e9n\u00e9rales\">6 \u2013 Etudes g\u00e9n\u00e9rales<\/a><span class=\"post_meta_item_cat_separator\">, <\/span><a href=\"https:\/\/www.idc.com.tn\/fr\/portfolio_group\/maitrise-des-projets\/\" title=\"View all posts in 9.1 - Maitrise des projets\">9.1 - Maitrise des projets<\/a><\/span><\/div><\/div><a class=\"post_link sc_blogger_item_link\" href=\"https:\/\/www.idc.com.tn\/fr\/portfolio\/siege-enda\/\"><\/a>\t\t\t<a href=\"https:\/\/www.idc.com.tn\/fr\/portfolio\/siege-enda\/\"  aria-hidden=\"true\" class=\"link\"><\/a>\r\n\t\t\t<\/div><\/div><!-- .sc_blogger_item_body --><\/div><!-- .sc_blogger_item --><\/div><\/div><nav class=\"sc_blogger_pagination sc_item_pagination sc_item_pagination_pages navigation pagination  sc_align_none\"\n\t\t\tdata-params=\"{&quot;cat&quot;:[],&quot;columns&quot;:3,&quot;columns_widescreen&quot;:&quot;&quot;,&quot;columns_laptop&quot;:&quot;&quot;,&quot;columns_tablet_extra&quot;:&quot;&quot;,&quot;columns_tablet&quot;:&quot;&quot;,&quot;columns_mobile_extra&quot;:&quot;&quot;,&quot;columns_mobile&quot;:&quot;&quot;,&quot;count&quot;:4,&quot;offset&quot;:4,&quot;orderby&quot;:&quot;post_date&quot;,&quot;order&quot;:&quot;desc&quot;,&quot;ids&quot;:&quot;&quot;,&quot;slider&quot;:false,&quot;slider_effect&quot;:&quot;slide&quot;,&quot;slider_pagination&quot;:&quot;none&quot;,&quot;slider_pagination_type&quot;:&quot;bullets&quot;,&quot;slider_pagination_thumbs&quot;:0,&quot;slider_controls&quot;:&quot;none&quot;,&quot;slides_space&quot;:0,&quot;slides_centered&quot;:&quot;&quot;,&quot;slides_overflow&quot;:&quot;&quot;,&quot;slider_mouse_wheel&quot;:&quot;&quot;,&quot;slider_autoplay&quot;:&quot;1&quot;,&quot;slider_loop&quot;:&quot;1&quot;,&quot;slider_free_mode&quot;:&quot;&quot;,&quot;title&quot;:&quot;&quot;,&quot;title_align&quot;:&quot;none&quot;,&quot;title_style&quot;:&quot;default&quot;,&quot;title_tag&quot;:&quot;none&quot;,&quot;title_color&quot;:&quot;&quot;,&quot;title_color2&quot;:&quot;&quot;,&quot;gradient_fill&quot;:&quot;block&quot;,&quot;gradient_direction&quot;:&quot;0&quot;,&quot;title_border_color&quot;:&quot;&quot;,&quot;title_border_width&quot;:&quot;&quot;,&quot;title_bg_image&quot;:&quot;&quot;,&quot;title2&quot;:&quot;&quot;,&quot;title2_color&quot;:&quot;&quot;,&quot;title2_color2&quot;:&quot;&quot;,&quot;gradient_fill2&quot;:&quot;block&quot;,&quot;gradient_direction2&quot;:&quot;0&quot;,&quot;title2_border_color&quot;:&quot;&quot;,&quot;title2_border_width&quot;:&quot;&quot;,&quot;title2_bg_image&quot;:&quot;&quot;,&quot;subtitle&quot;:&quot;&quot;,&quot;subtitle_align&quot;:&quot;none&quot;,&quot;subtitle_position&quot;:&quot;above&quot;,&quot;subtitle_color&quot;:&quot;&quot;,&quot;description&quot;:&quot;&quot;,&quot;description_color&quot;:&quot;&quot;,&quot;link&quot;:&quot;&quot;,&quot;link_style&quot;:&quot;default&quot;,&quot;link_size&quot;:&quot;normal&quot;,&quot;link_image&quot;:&quot;&quot;,&quot;link_text&quot;:&quot;&quot;,&quot;new_window&quot;:0,&quot;typed&quot;:&quot;&quot;,&quot;typed_strings&quot;:&quot;&quot;,&quot;typed_loop&quot;:&quot;1&quot;,&quot;typed_cursor&quot;:&quot;1&quot;,&quot;typed_cursor_char&quot;:&quot;_&quot;,&quot;typed_color&quot;:&quot;&quot;,&quot;typed_speed&quot;:&quot;6&quot;,&quot;typed_delay&quot;:&quot;1&quot;,&quot;id&quot;:&quot;&quot;,&quot;class&quot;:&quot;&quot;,&quot;className&quot;:&quot;&quot;,&quot;css&quot;:&quot;&quot;,&quot;type&quot;:&quot;lay_portfolio_grid&quot;,&quot;post_type&quot;:&quot;cpt_portfolio&quot;,&quot;taxonomy&quot;:&quot;cpt_portfolio_group&quot;,&quot;show_filters&quot;:&quot;1&quot;,&quot;filters_title&quot;:&quot;&quot;,&quot;filters_subtitle&quot;:&quot;&quot;,&quot;filters_title_align&quot;:&quot;right&quot;,&quot;filters_tabs_position&quot;:&quot;top&quot;,&quot;filters_tabs_on_hover&quot;:&quot;&quot;,&quot;filters_taxonomy&quot;:&quot;cpt_portfolio_group&quot;,&quot;filters_active&quot;:&quot;&quot;,&quot;filters_ids&quot;:[],&quot;filters_all&quot;:&quot;1&quot;,&quot;filters_all_text&quot;:&quot;Tous les Secteurs&quot;,&quot;filters_more_text&quot;:&quot;More posts&quot;,&quot;meta_parts&quot;:[&quot;categories&quot;],&quot;image_position&quot;:&quot;top&quot;,&quot;image_width&quot;:&quot;40&quot;,&quot;image_ratio&quot;:&quot;none&quot;,&quot;thumb_size&quot;:&quot;&quot;,&quot;hover&quot;:&quot;&quot;,&quot;date_format&quot;:&quot;&quot;,&quot;disable_date_diff&quot;:&quot;&quot;,&quot;on_plate&quot;:&quot;&quot;,&quot;hide_excerpt&quot;:&quot;&quot;,&quot;excerpt_length&quot;:&quot;&quot;,&quot;text_align&quot;:&quot;none&quot;,&quot;no_margin&quot;:&quot;&quot;,&quot;no_links&quot;:&quot;&quot;,&quot;full_post&quot;:&quot;&quot;,&quot;video_in_popup&quot;:&quot;&quot;,&quot;numbers&quot;:&quot;&quot;,&quot;more_button&quot;:&quot;1&quot;,&quot;more_text&quot;:&quot;Charger plus&quot;,&quot;pagination&quot;:&quot;pages&quot;,&quot;page&quot;:1,&quot;posts_exclude&quot;:&quot;&quot;,&quot;align&quot;:&quot;none&quot;,&quot;template_default&quot;:&quot;over_centered&quot;,&quot;template_list&quot;:&quot;simple&quot;,&quot;template_news&quot;:&quot;magazine&quot;,&quot;template_lay_portfolio&quot;:&quot;style-1&quot;,&quot;template_lay_portfolio_grid&quot;:&quot;grid_style_8&quot;,&quot;template_portmodern&quot;:&quot;image-over&quot;,&quot;template_portestate&quot;:&quot;default&quot;,&quot;template_excerpt&quot;:&quot;&quot;,&quot;template_band&quot;:&quot;&quot;,&quot;template_classic&quot;:&quot;&quot;,&quot;template_classic-masonry&quot;:&quot;&quot;,&quot;template_portfolio&quot;:&quot;&quot;,&quot;template_portfolio-masonry&quot;:&quot;&quot;,&quot;count_extra&quot;:{&quot;unit&quot;:&quot;px&quot;,&quot;size&quot;:4,&quot;sizes&quot;:[]},&quot;columns_extra&quot;:{&quot;unit&quot;:&quot;px&quot;,&quot;size&quot;:4,&quot;sizes&quot;:[]},&quot;offset_extra&quot;:{&quot;unit&quot;:&quot;px&quot;,&quot;size&quot;:4,&quot;sizes&quot;:[]},&quot;image_width_extra&quot;:{&quot;unit&quot;:&quot;px&quot;,&quot;size&quot;:40,&quot;sizes&quot;:[]},&quot;slides_space_extra&quot;:{&quot;unit&quot;:&quot;px&quot;,&quot;size&quot;:0,&quot;sizes&quot;:[]},&quot;gradient_direction_extra&quot;:{&quot;unit&quot;:&quot;px&quot;,&quot;size&quot;:0,&quot;sizes&quot;:[]},&quot;typed_speed_extra&quot;:{&quot;unit&quot;:&quot;px&quot;,&quot;size&quot;:6,&quot;sizes&quot;:[]},&quot;typed_delay_extra&quot;:{&quot;unit&quot;:&quot;px&quot;,&quot;size&quot;:1,&quot;sizes&quot;:[]},&quot;gradient_direction2_extra&quot;:{&quot;unit&quot;:&quot;px&quot;,&quot;size&quot;:0,&quot;sizes&quot;:[]},&quot;link_extra&quot;:{&quot;url&quot;:&quot;&quot;,&quot;is_external&quot;:&quot;&quot;,&quot;nofollow&quot;:&quot;&quot;,&quot;custom_attributes&quot;:&quot;&quot;},&quot;link_image_extra&quot;:{&quot;url&quot;:&quot;&quot;,&quot;id&quot;:&quot;&quot;,&quot;size&quot;:&quot;&quot;},&quot;scheme&quot;:&quot;&quot;,&quot;color_style&quot;:&quot;default&quot;,&quot;mouse_helper_highlight&quot;:&quot;&quot;,&quot;item_number&quot;:4,&quot;sc&quot;:&quot;sc_blogger&quot;}\"\n\t\t\trole=\"navigation\"\n\t\t>\n\t\t\t<div class=\"nav-links\"><span class=\"page-numbers current\">1<\/span><a href=\"#\" class=\"page-numbers\" data-page=\"2\">2<\/a><a href=\"#\" class=\"page-numbers\" data-page=\"3\">3<\/a><a href=\"#\" class=\"page-numbers\" data-page=\"4\">4<\/a><a href=\"#\" class=\"page-numbers\" data-page=\"5\">5<\/a><a href=\"#\" class=\"page-numbers next\" data-page=\"2\" title=\"Next page\">Next<\/a><a href=\"#\" class=\"page-numbers last\" data-page=\"10\" title=\"Last page\">Last<\/a><\/div><\/nav><\/div>\t\t\t\t<\/div>\n\t\t\t\t<\/div>\n\t\t\t\t\t<\/div>\n\t\t<\/div>\n\t\t\t\t\t<\/div>\n\t\t<\/section>\n\t\t<div class=\"elementor-element elementor-element-a5768ed e-flex e-con-boxed sc_layouts_column_icons_position_left e-con e-parent\" data-id=\"a5768ed\" data-element_type=\"container\">\n\t\t\t\t\t<div class=\"e-con-inner\">\n\t\t\t\t<div class=\"elementor-element elementor-element-64a8964 sc_fly_static elementor-widget elementor-widget-shortcode\" data-id=\"64a8964\" data-element_type=\"widget\" data-widget_type=\"shortcode.default\">\n\t\t\t\t\t\t\t<div class=\"elementor-shortcode\"><script>\ndocument.addEventListener(\"DOMContentLoaded\", function () {\n  const searchInput = document.getElementById(\"wp-singular cpt_portfolio-template-default single single-cpt_portfolio postid-24007 logged-in admin-bar wp-custom-logo wp-theme-qwery 2.6.7.2 2.6.7.2-apply-online hide_fixed_rows_enabled skin_architect elementor-use-container scheme_default blog_mode_portfolio body_style_wide is_stream blog_style_classic_3 sidebar_hide expand_content trx_addons_present header_type_custom header_style_header-custom-18116 header_position_default menu_side_none fixed_blocks_sticky elementor-default elementor-kit-31668 customize-support dialog-body dialog-buttons-body dialog-container dialog-buttons-container e--ua-isTouchDevice e--ua-blink e--ua-chrome e--ua-webkit ua_mobile ua_touch ua_retina ua_blink ua_webkit ua_chrome animate_to_inited added_to_cart_inited mobile_layout mobile_device-template-default\");\n\n  if (!searchInput) return;\n\n  searchInput.addEventListener(\"input\", function () {\n    const query = this.value.toLowerCase();\n\n    \/\/ S\u00e9lectionne tous les \u00e9l\u00e9ments de projets dans la page\n    const projects = document.querySelectorAll('[class*=\"portfolio_page\"]');\n\n    projects.forEach(project => {\n      const text = project.textContent.toLowerCase();\n\n      \/\/ Si le texte contient la requ\u00eate, on l'affiche\n      if (text.includes(query)) {\n        project.style.display = \"\";\n      } else {\n        project.style.display = \"none\";\n      }\n    });\n  });\n});\n<\/script><\/div>\n\t\t\t\t\t\t<\/div>\n\t\t\t\t\t<\/div>\n\t\t\t\t<\/div>\n\t\t\t\t<\/div>\n\t\t","protected":false},"excerpt":{"rendered":"<p>Contr\u00f4le des travaux de r\u00e9alisation cl\u00e9 en main d\u2019une centrale thermique diesel de 60MW \u00e0&hellip;<\/p>\n","protected":false},"author":1,"featured_media":0,"parent":0,"menu_order":0,"comment_status":"closed","ping_status":"closed","template":"","meta":{"footnotes":""},"class_list":["post-3064","page","type-page","status-publish","hentry"],"yoast_head":"<!-- This site is optimized with the Yoast SEO plugin v25.1 - https:\/\/yoast.com\/wordpress\/plugins\/seo\/ -->\n<title>Projets - IDC<\/title>\n<meta name=\"robots\" content=\"index, follow, max-snippet:-1, max-image-preview:large, max-video-preview:-1\" \/>\n<link rel=\"canonical\" href=\"https:\/\/www.idc.com.tn\/fr\/nos-projets\/\" \/>\n<meta property=\"og:locale\" content=\"fr_FR\" \/>\n<meta property=\"og:type\" content=\"article\" \/>\n<meta property=\"og:title\" content=\"Projets - IDC\" \/>\n<meta property=\"og:description\" content=\"Contr\u00f4le des travaux de r\u00e9alisation cl\u00e9 en main d\u2019une centrale thermique diesel de 60MW \u00e0&hellip;\" \/>\n<meta property=\"og:url\" content=\"https:\/\/www.idc.com.tn\/fr\/nos-projets\/\" \/>\n<meta property=\"og:site_name\" content=\"IDC\" \/>\n<meta property=\"article:modified_time\" content=\"2025-06-03T07:00:46+00:00\" \/>\n<meta name=\"twitter:card\" content=\"summary_large_image\" \/>\n<meta name=\"twitter:label1\" content=\"Dur\u00e9e de lecture estim\u00e9e\" \/>\n\t<meta name=\"twitter:data1\" content=\"1 minute\" \/>\n<script type=\"application\/ld+json\" class=\"yoast-schema-graph\">{\"@context\":\"https:\/\/schema.org\",\"@graph\":[{\"@type\":\"WebPage\",\"@id\":\"https:\/\/www.idc.com.tn\/fr\/nos-projets\/\",\"url\":\"https:\/\/www.idc.com.tn\/fr\/nos-projets\/\",\"name\":\"Projets - IDC\",\"isPartOf\":{\"@id\":\"https:\/\/www.idc.com.tn\/fr\/#website\"},\"datePublished\":\"2020-12-20T11:28:36+00:00\",\"dateModified\":\"2025-06-03T07:00:46+00:00\",\"breadcrumb\":{\"@id\":\"https:\/\/www.idc.com.tn\/fr\/nos-projets\/#breadcrumb\"},\"inLanguage\":\"fr-FR\",\"potentialAction\":[{\"@type\":\"ReadAction\",\"target\":[\"https:\/\/www.idc.com.tn\/fr\/nos-projets\/\"]}]},{\"@type\":\"BreadcrumbList\",\"@id\":\"https:\/\/www.idc.com.tn\/fr\/nos-projets\/#breadcrumb\",\"itemListElement\":[{\"@type\":\"ListItem\",\"position\":1,\"name\":\"Accueil\",\"item\":\"https:\/\/www.idc.com.tn\/ar\/\"},{\"@type\":\"ListItem\",\"position\":2,\"name\":\"Projets\"}]},{\"@type\":\"WebSite\",\"@id\":\"https:\/\/www.idc.com.tn\/fr\/#website\",\"url\":\"https:\/\/www.idc.com.tn\/fr\/\",\"name\":\"IDC\",\"description\":\"International Development Consultants\",\"potentialAction\":[{\"@type\":\"SearchAction\",\"target\":{\"@type\":\"EntryPoint\",\"urlTemplate\":\"https:\/\/www.idc.com.tn\/fr\/?s={search_term_string}\"},\"query-input\":{\"@type\":\"PropertyValueSpecification\",\"valueRequired\":true,\"valueName\":\"search_term_string\"}}],\"inLanguage\":\"fr-FR\"}]}<\/script>\n<!-- \/ Yoast SEO plugin. -->","yoast_head_json":{"title":"Projets - IDC","robots":{"index":"index","follow":"follow","max-snippet":"max-snippet:-1","max-image-preview":"max-image-preview:large","max-video-preview":"max-video-preview:-1"},"canonical":"https:\/\/www.idc.com.tn\/fr\/nos-projets\/","og_locale":"fr_FR","og_type":"article","og_title":"Projets - IDC","og_description":"Contr\u00f4le des travaux de r\u00e9alisation cl\u00e9 en main d\u2019une centrale thermique diesel de 60MW \u00e0&hellip;","og_url":"https:\/\/www.idc.com.tn\/fr\/nos-projets\/","og_site_name":"IDC","article_modified_time":"2025-06-03T07:00:46+00:00","twitter_card":"summary_large_image","twitter_misc":{"Dur\u00e9e de lecture estim\u00e9e":"1 minute"},"schema":{"@context":"https:\/\/schema.org","@graph":[{"@type":"WebPage","@id":"https:\/\/www.idc.com.tn\/fr\/nos-projets\/","url":"https:\/\/www.idc.com.tn\/fr\/nos-projets\/","name":"Projets - IDC","isPartOf":{"@id":"https:\/\/www.idc.com.tn\/fr\/#website"},"datePublished":"2020-12-20T11:28:36+00:00","dateModified":"2025-06-03T07:00:46+00:00","breadcrumb":{"@id":"https:\/\/www.idc.com.tn\/fr\/nos-projets\/#breadcrumb"},"inLanguage":"fr-FR","potentialAction":[{"@type":"ReadAction","target":["https:\/\/www.idc.com.tn\/fr\/nos-projets\/"]}]},{"@type":"BreadcrumbList","@id":"https:\/\/www.idc.com.tn\/fr\/nos-projets\/#breadcrumb","itemListElement":[{"@type":"ListItem","position":1,"name":"Accueil","item":"https:\/\/www.idc.com.tn\/ar\/"},{"@type":"ListItem","position":2,"name":"Projets"}]},{"@type":"WebSite","@id":"https:\/\/www.idc.com.tn\/fr\/#website","url":"https:\/\/www.idc.com.tn\/fr\/","name":"IDC","description":"International Development Consultants","potentialAction":[{"@type":"SearchAction","target":{"@type":"EntryPoint","urlTemplate":"https:\/\/www.idc.com.tn\/fr\/?s={search_term_string}"},"query-input":{"@type":"PropertyValueSpecification","valueRequired":true,"valueName":"search_term_string"}}],"inLanguage":"fr-FR"}]}},"_links":{"self":[{"href":"https:\/\/www.idc.com.tn\/fr\/wp-json\/wp\/v2\/pages\/3064","targetHints":{"allow":["GET"]}}],"collection":[{"href":"https:\/\/www.idc.com.tn\/fr\/wp-json\/wp\/v2\/pages"}],"about":[{"href":"https:\/\/www.idc.com.tn\/fr\/wp-json\/wp\/v2\/types\/page"}],"author":[{"embeddable":true,"href":"https:\/\/www.idc.com.tn\/fr\/wp-json\/wp\/v2\/users\/1"}],"replies":[{"embeddable":true,"href":"https:\/\/www.idc.com.tn\/fr\/wp-json\/wp\/v2\/comments?post=3064"}],"version-history":[{"count":268,"href":"https:\/\/www.idc.com.tn\/fr\/wp-json\/wp\/v2\/pages\/3064\/revisions"}],"predecessor-version":[{"id":32031,"href":"https:\/\/www.idc.com.tn\/fr\/wp-json\/wp\/v2\/pages\/3064\/revisions\/32031"}],"wp:attachment":[{"href":"https:\/\/www.idc.com.tn\/fr\/wp-json\/wp\/v2\/media?parent=3064"}],"curies":[{"name":"wp","href":"https:\/\/api.w.org\/{rel}","templated":true}]}}