{"id":19507,"date":"2021-07-28T13:17:58","date_gmt":"2021-07-28T11:17:58","guid":{"rendered":"https:\/\/www.idc.com.tn\/?page_id=19507"},"modified":"2025-04-11T11:57:22","modified_gmt":"2025-04-11T09:57:22","slug":"carriere","status":"publish","type":"page","link":"https:\/\/www.idc.com.tn\/fr\/carriere\/","title":{"rendered":"Carri\u00e8res"},"content":{"rendered":"\t\t<div data-elementor-type=\"wp-page\" data-elementor-id=\"19507\" class=\"elementor elementor-19507\">\n\t\t\t\t\t\t<section class=\"elementor-section elementor-top-section elementor-element elementor-element-dd91ef1 scheme_dark elementor-section-boxed elementor-section-height-default elementor-section-height-default sc_fly_static\" data-id=\"dd91ef1\" data-element_type=\"section\" data-settings=\"{&quot;background_background&quot;:&quot;classic&quot;}\">\n\t\t\t\t\t\t\t<div class=\"elementor-background-overlay\"><\/div>\n\t\t\t\t\t\t\t<div class=\"elementor-container elementor-column-gap-no\">\n\t\t\t\t\t<div class=\"elementor-column elementor-col-100 elementor-top-column elementor-element elementor-element-05e9577 sc_content_align_inherit sc_layouts_column_icons_position_left sc_fly_static\" data-id=\"05e9577\" data-element_type=\"column\">\n\t\t\t<div class=\"elementor-widget-wrap elementor-element-populated\">\n\t\t\t\t\t\t<div class=\"elementor-element elementor-element-bb597f5 sc_fly_static elementor-widget elementor-widget-spacer\" data-id=\"bb597f5\" data-element_type=\"widget\" data-widget_type=\"spacer.default\">\n\t\t\t\t\t\t\t<div class=\"elementor-spacer\">\n\t\t\t<div class=\"elementor-spacer-inner\"><\/div>\n\t\t<\/div>\n\t\t\t\t\t\t<\/div>\n\t\t\t\t<div class=\"elementor-element elementor-element-35d6fd0 sc_fly_static elementor-widget elementor-widget-spacer\" data-id=\"35d6fd0\" data-element_type=\"widget\" data-widget_type=\"spacer.default\">\n\t\t\t\t\t\t\t<div class=\"elementor-spacer\">\n\t\t\t<div class=\"elementor-spacer-inner\"><\/div>\n\t\t<\/div>\n\t\t\t\t\t\t<\/div>\n\t\t\t\t<div class=\"elementor-element elementor-element-2d69138 elementor-view-default sc_fly_static elementor-widget elementor-widget-icon\" data-id=\"2d69138\" data-element_type=\"widget\" data-widget_type=\"icon.default\">\n\t\t\t\t\t\t\t<div class=\"elementor-icon-wrapper\">\n\t\t\t<a class=\"elementor-icon\" href=\"#anchor\">\n\t\t\t<svg xmlns=\"http:\/\/www.w3.org\/2000\/svg\" width=\"14.626\" height=\"8.639\" viewBox=\"0 0 14.626 8.639\"><g id=\"down-arrow\" transform=\"translate(0 -70.698)\"><g id=\"Group_8820\" data-name=\"Group 8820\" transform=\"translate(0 100.698)\"><path id=\"Path_6507\" data-name=\"Path 6507\" d=\"M14.392,101.42l-.479-.482a.8.8,0,0,0-1.132,0L7.316,106.4l-5.472-5.472a.8.8,0,0,0-1.132,0l-.479.479a.8.8,0,0,0,0,1.131l6.515,6.538a.818.818,0,0,0,.567.257h0a.818.818,0,0,0,.566-.257l6.508-6.52a.808.808,0,0,0,.234-.571A.8.8,0,0,0,14.392,101.42Z\" transform=\"translate(0 -130.698)\"><\/path><\/g><\/g><\/svg>\t\t\t<\/a>\n\t\t<\/div>\n\t\t\t\t\t\t<\/div>\n\t\t\t\t<div class=\"elementor-element elementor-element-b60ff30 sc_fly_static elementor-widget elementor-widget-spacer\" data-id=\"b60ff30\" data-element_type=\"widget\" data-widget_type=\"spacer.default\">\n\t\t\t\t\t\t\t<div class=\"elementor-spacer\">\n\t\t\t<div class=\"elementor-spacer-inner\"><\/div>\n\t\t<\/div>\n\t\t\t\t\t\t<\/div>\n\t\t\t\t\t<\/div>\n\t\t<\/div>\n\t\t\t\t\t<\/div>\n\t\t<\/section>\n\t\t\t\t<section class=\"elementor-section elementor-top-section elementor-element elementor-element-9f1eb38 elementor-section-boxed elementor-section-height-default elementor-section-height-default sc_fly_static\" data-id=\"9f1eb38\" data-element_type=\"section\" data-settings=\"{&quot;background_background&quot;:&quot;classic&quot;}\">\n\t\t\t\t\t\t<div class=\"elementor-container elementor-column-gap-extended\">\n\t\t\t\t\t<div class=\"elementor-column elementor-col-100 elementor-top-column elementor-element elementor-element-91e7d12 sc_content_align_inherit sc_layouts_column_icons_position_left sc_fly_static\" data-id=\"91e7d12\" data-element_type=\"column\">\n\t\t\t<div class=\"elementor-widget-wrap elementor-element-populated\">\n\t\t\t\t\t\t<div class=\"elementor-element elementor-element-b10cc6e sc_height_huge sc_fly_static elementor-widget elementor-widget-spacer\" data-id=\"b10cc6e\" data-element_type=\"widget\" data-widget_type=\"spacer.default\">\n\t\t\t\t\t\t\t<div class=\"elementor-spacer\">\n\t\t\t<div class=\"elementor-spacer-inner\"><\/div>\n\t\t<\/div>\n\t\t\t\t\t\t<\/div>\n\t\t\t\t<div class=\"elementor-element elementor-element-1c379e7 sc_fly_static elementor-widget elementor-widget-menu-anchor\" data-id=\"1c379e7\" data-element_type=\"widget\" data-widget_type=\"menu-anchor.default\">\n\t\t\t\t\t\t\t<div class=\"elementor-menu-anchor\" id=\"anchor\"><\/div>\n\t\t\t\t\t\t<\/div>\n\t\t\t\t<div class=\"elementor-element elementor-element-d801c38 sc_fly_static elementor-widget elementor-widget-heading\" data-id=\"d801c38\" data-element_type=\"widget\" data-widget_type=\"heading.default\">\n\t\t\t\t\t<h2 class=\"elementor-heading-title elementor-size-default\">Nos offres d'emploi<\/h2>\t\t\t\t<\/div>\n\t\t\t\t<div class=\"elementor-element elementor-element-11f617a sc_fly_static elementor-widget elementor-widget-text-editor\" data-id=\"11f617a\" data-element_type=\"widget\" data-widget_type=\"text-editor.default\">\n\t\t\t\t\t\t\t\t\t<div class=\"aol-archive aol-wrapper\"><div class=\"well well-lg\"><form method=\"post\" class=\"form-horizontal\" id=\"aol_ad_form\" action=\"#aol_ad_form\"><div class=\"form-group\"><div class=\"aol-md-4\"><select name=\"category\" class=\"aol-filter-select form-control\"><option value=\"\">Cat\u00e9gories &#8211; All<\/option><option value=\"264\" >Ing\u00e9nierie<\/option><\/select><\/div><div class=\"aol-md-4\"><select name=\"type\" class=\"aol-filter-select form-control\"><option value=\"\">Les types &#8211; All<\/option><\/select><\/div><div class=\"aol-md-4\"><select name=\"location\" class=\"aol-filter-select form-control\"><option value=\"\">Lieux &#8211; All<\/option><\/select><\/div><\/div><div class=\"form-group\"><div class=\"aol-md-10\"><input type=\"text\" name=\"aol_seach_keyword\" class=\"form-control\" placeholder=\"Search Keyword\" value=\"\"><\/div><div class=\"aol-md-2\"><button class=\"fusion-button button btn btn-info btn-block aol-filter-button\">filtrer<\/button><\/div><\/div><\/form><\/div><div class=\"aol-ad-outer-wrapper\"><div class=\"aol-ad-inner-wrapper aol_ad_31706\"><div class=\"panel panel-default open\"><div class=\"panel-heading\">Technicien Sup\u00e9rieur en \u00e9lectricit\u00e9<\/div><div class=\"panel-body\"><p>Nous recherchons un.e technicien.e Sup\u00e9rieur en \u00e9lectricit\u00e9 avec 5 ans d\u2019exp\u00e9riences pour rejoindre notre \u00e9quipe&#8230;.<\/p><div class=\"clearfix\"><\/div><a href=\"https:\/\/www.idc.com.tn\/fr\/ads\/technicien-superieur-en-electricite\/\" ><button class=\"fusion-button button read-more btn btn-info\">En savoir plus<\/button><\/a><\/div><div class=\"panel-footer\"><span class=\"aol-tax-wrapper\"><strong class=\"aol-ad-taxonomy\">Cat\u00e9gories: <\/strong>Ing\u00e9nierie, <\/span><\/div><\/div><\/div><div class=\"aol-ad-inner-wrapper aol_ad_29513\"><div class=\"panel panel-default open\"><div class=\"panel-heading\">Ing\u00e9nieur G\u00e9nie Civil<\/div><div class=\"panel-body\"><p>Nous recherchons un.e Ing\u00e9nieur.e en G\u00e9nie Civil pour rejoindre notre \u00e9quipe chez IDC_TUNISIE. Dans ce&#8230;.<\/p><div class=\"clearfix\"><\/div><a href=\"https:\/\/www.idc.com.tn\/fr\/ads\/ingenieur-genie-civil\/\" ><button class=\"fusion-button button read-more btn btn-info\">En savoir plus<\/button><\/a><\/div><div class=\"panel-footer\"><span class=\"aol-tax-wrapper\"><strong class=\"aol-ad-taxonomy\">Cat\u00e9gories: <\/strong>Ing\u00e9nierie, <\/span><\/div><\/div><\/div><\/div><\/div>\t\t\t\t\t\t\t\t<\/div>\n\t\t\t\t<div class=\"elementor-element elementor-element-a296e31 sc_height_huge sc_fly_static elementor-widget elementor-widget-spacer\" data-id=\"a296e31\" data-element_type=\"widget\" data-widget_type=\"spacer.default\">\n\t\t\t\t\t\t\t<div class=\"elementor-spacer\">\n\t\t\t<div class=\"elementor-spacer-inner\"><\/div>\n\t\t<\/div>\n\t\t\t\t\t\t<\/div>\n\t\t\t\t\t<\/div>\n\t\t<\/div>\n\t\t\t\t\t<\/div>\n\t\t<\/section>\n\t\t\t\t<\/div>\n\t\t","protected":false},"excerpt":{"rendered":"<p>Nos offres d&#8217;emploi<\/p>\n","protected":false},"author":1,"featured_media":0,"parent":0,"menu_order":0,"comment_status":"closed","ping_status":"closed","template":"","meta":{"footnotes":""},"class_list":["post-19507","page","type-page","status-publish","hentry"],"yoast_head":"<!-- This site is optimized with the Yoast SEO plugin v25.1 - https:\/\/yoast.com\/wordpress\/plugins\/seo\/ -->\n<title>Carri\u00e8res - IDC<\/title>\n<meta name=\"robots\" content=\"index, follow, max-snippet:-1, max-image-preview:large, max-video-preview:-1\" \/>\n<link rel=\"canonical\" href=\"https:\/\/www.idc.com.tn\/fr\/carriere\/\" \/>\n<meta property=\"og:locale\" content=\"fr_FR\" \/>\n<meta property=\"og:type\" content=\"article\" \/>\n<meta property=\"og:title\" content=\"Carri\u00e8res - IDC\" \/>\n<meta property=\"og:description\" content=\"Nos offres d&#8217;emploi\" \/>\n<meta property=\"og:url\" content=\"https:\/\/www.idc.com.tn\/fr\/carriere\/\" \/>\n<meta property=\"og:site_name\" content=\"IDC\" \/>\n<meta property=\"article:modified_time\" content=\"2025-04-11T09:57:22+00:00\" \/>\n<meta name=\"twitter:card\" content=\"summary_large_image\" \/>\n<script type=\"application\/ld+json\" class=\"yoast-schema-graph\">{\"@context\":\"https:\/\/schema.org\",\"@graph\":[{\"@type\":\"WebPage\",\"@id\":\"https:\/\/www.idc.com.tn\/fr\/carriere\/\",\"url\":\"https:\/\/www.idc.com.tn\/fr\/carriere\/\",\"name\":\"Carri\u00e8res - IDC\",\"isPartOf\":{\"@id\":\"https:\/\/www.idc.com.tn\/fr\/#website\"},\"datePublished\":\"2021-07-28T11:17:58+00:00\",\"dateModified\":\"2025-04-11T09:57:22+00:00\",\"breadcrumb\":{\"@id\":\"https:\/\/www.idc.com.tn\/fr\/carriere\/#breadcrumb\"},\"inLanguage\":\"fr-FR\",\"potentialAction\":[{\"@type\":\"ReadAction\",\"target\":[\"https:\/\/www.idc.com.tn\/fr\/carriere\/\"]}]},{\"@type\":\"BreadcrumbList\",\"@id\":\"https:\/\/www.idc.com.tn\/fr\/carriere\/#breadcrumb\",\"itemListElement\":[{\"@type\":\"ListItem\",\"position\":1,\"name\":\"Accueil\",\"item\":\"https:\/\/www.idc.com.tn\/ar\/\"},{\"@type\":\"ListItem\",\"position\":2,\"name\":\"Carri\u00e8res\"}]},{\"@type\":\"WebSite\",\"@id\":\"https:\/\/www.idc.com.tn\/fr\/#website\",\"url\":\"https:\/\/www.idc.com.tn\/fr\/\",\"name\":\"IDC\",\"description\":\"International Development Consultants\",\"potentialAction\":[{\"@type\":\"SearchAction\",\"target\":{\"@type\":\"EntryPoint\",\"urlTemplate\":\"https:\/\/www.idc.com.tn\/fr\/?s={search_term_string}\"},\"query-input\":{\"@type\":\"PropertyValueSpecification\",\"valueRequired\":true,\"valueName\":\"search_term_string\"}}],\"inLanguage\":\"fr-FR\"}]}<\/script>\n<!-- \/ Yoast SEO plugin. -->","yoast_head_json":{"title":"Carri\u00e8res - IDC","robots":{"index":"index","follow":"follow","max-snippet":"max-snippet:-1","max-image-preview":"max-image-preview:large","max-video-preview":"max-video-preview:-1"},"canonical":"https:\/\/www.idc.com.tn\/fr\/carriere\/","og_locale":"fr_FR","og_type":"article","og_title":"Carri\u00e8res - IDC","og_description":"Nos offres d&#8217;emploi","og_url":"https:\/\/www.idc.com.tn\/fr\/carriere\/","og_site_name":"IDC","article_modified_time":"2025-04-11T09:57:22+00:00","twitter_card":"summary_large_image","schema":{"@context":"https:\/\/schema.org","@graph":[{"@type":"WebPage","@id":"https:\/\/www.idc.com.tn\/fr\/carriere\/","url":"https:\/\/www.idc.com.tn\/fr\/carriere\/","name":"Carri\u00e8res - IDC","isPartOf":{"@id":"https:\/\/www.idc.com.tn\/fr\/#website"},"datePublished":"2021-07-28T11:17:58+00:00","dateModified":"2025-04-11T09:57:22+00:00","breadcrumb":{"@id":"https:\/\/www.idc.com.tn\/fr\/carriere\/#breadcrumb"},"inLanguage":"fr-FR","potentialAction":[{"@type":"ReadAction","target":["https:\/\/www.idc.com.tn\/fr\/carriere\/"]}]},{"@type":"BreadcrumbList","@id":"https:\/\/www.idc.com.tn\/fr\/carriere\/#breadcrumb","itemListElement":[{"@type":"ListItem","position":1,"name":"Accueil","item":"https:\/\/www.idc.com.tn\/ar\/"},{"@type":"ListItem","position":2,"name":"Carri\u00e8res"}]},{"@type":"WebSite","@id":"https:\/\/www.idc.com.tn\/fr\/#website","url":"https:\/\/www.idc.com.tn\/fr\/","name":"IDC","description":"International Development Consultants","potentialAction":[{"@type":"SearchAction","target":{"@type":"EntryPoint","urlTemplate":"https:\/\/www.idc.com.tn\/fr\/?s={search_term_string}"},"query-input":{"@type":"PropertyValueSpecification","valueRequired":true,"valueName":"search_term_string"}}],"inLanguage":"fr-FR"}]}},"_links":{"self":[{"href":"https:\/\/www.idc.com.tn\/fr\/wp-json\/wp\/v2\/pages\/19507","targetHints":{"allow":["GET"]}}],"collection":[{"href":"https:\/\/www.idc.com.tn\/fr\/wp-json\/wp\/v2\/pages"}],"about":[{"href":"https:\/\/www.idc.com.tn\/fr\/wp-json\/wp\/v2\/types\/page"}],"author":[{"embeddable":true,"href":"https:\/\/www.idc.com.tn\/fr\/wp-json\/wp\/v2\/users\/1"}],"replies":[{"embeddable":true,"href":"https:\/\/www.idc.com.tn\/fr\/wp-json\/wp\/v2\/comments?post=19507"}],"version-history":[{"count":127,"href":"https:\/\/www.idc.com.tn\/fr\/wp-json\/wp\/v2\/pages\/19507\/revisions"}],"predecessor-version":[{"id":31687,"href":"https:\/\/www.idc.com.tn\/fr\/wp-json\/wp\/v2\/pages\/19507\/revisions\/31687"}],"wp:attachment":[{"href":"https:\/\/www.idc.com.tn\/fr\/wp-json\/wp\/v2\/media?parent=19507"}],"curies":[{"name":"wp","href":"https:\/\/api.w.org\/{rel}","templated":true}]}}